{"id":16,"date":"2021-02-21T16:09:36","date_gmt":"2021-02-21T15:09:36","guid":{"rendered":"http:\/\/extermites.fr\/?page_id=16"},"modified":"2025-04-09T12:03:48","modified_gmt":"2025-04-09T10:03:48","slug":"contact","status":"publish","type":"page","link":"https:\/\/extermites.fr\/index.php\/contact\/","title":{"rendered":"Contact"},"content":{"rendered":"\r\n<p><img decoding=\"async\" class=\"alignnone wp-image-808\" src=\"https:\/\/extermites.fr\/wp-content\/uploads\/2025\/04\/FORMULAIRE-300x14.png\" alt=\"\" width=\"1000\" height=\"47\" srcset=\"https:\/\/extermites.fr\/wp-content\/uploads\/2025\/04\/FORMULAIRE-300x14.png 300w, https:\/\/extermites.fr\/wp-content\/uploads\/2025\/04\/FORMULAIRE-1024x48.png 1024w, https:\/\/extermites.fr\/wp-content\/uploads\/2025\/04\/FORMULAIRE-768x36.png 768w, https:\/\/extermites.fr\/wp-content\/uploads\/2025\/04\/FORMULAIRE.png 1486w\" sizes=\"(max-width: 1000px) 100vw, 1000px\" \/><strong><br \/><\/strong><\/p>\r\n<div class=\"wpforms-container wpforms-container-full\" id=\"wpforms-62\"><form id=\"wpforms-form-62\" class=\"wpforms-validate wpforms-form\" data-formid=\"62\" method=\"post\" enctype=\"multipart\/form-data\" action=\"\/index.php\/wp-json\/wp\/v2\/pages\/16\" data-token=\"fca0c174e59285a3f0eb9c2846f4a511\" data-token-time=\"1775239126\"><noscript class=\"wpforms-error-noscript\">Veuillez activer JavaScript dans votre navigateur pour remplir ce formulaire.<\/noscript><div class=\"wpforms-field-container\"><div id=\"wpforms-62-field_7-container\" class=\"wpforms-field wpforms-field-radio\" data-field-id=\"7\"><ul id=\"wpforms-62-field_7\"><li class=\"choice-1 depth-1\"><input type=\"radio\" id=\"wpforms-62-field_7_1\" name=\"wpforms[fields][7]\" value=\"Demande devis pi\u00e8ges anti-termites\"  ><label class=\"wpforms-field-label-inline\" for=\"wpforms-62-field_7_1\">Demande devis pi\u00e8ges anti-termites<\/label><\/li><li class=\"choice-2 depth-1\"><input type=\"radio\" id=\"wpforms-62-field_7_2\" name=\"wpforms[fields][7]\" value=\"Demande d&#039;informations\"  ><label class=\"wpforms-field-label-inline\" for=\"wpforms-62-field_7_2\">Demande d'informations<\/label><\/li><li class=\"choice-3 depth-1\"><input type=\"radio\" id=\"wpforms-62-field_7_3\" name=\"wpforms[fields][7]\" value=\"Prendre rendez-vous\"  ><label class=\"wpforms-field-label-inline\" for=\"wpforms-62-field_7_3\">Prendre rendez-vous<\/label><\/li><\/ul><\/div><div id=\"wpforms-62-field_1-container\" class=\"wpforms-field wpforms-field-name\" data-field-id=\"1\"><label class=\"wpforms-field-label\">Nom <span class=\"wpforms-required-label\">*<\/span><\/label><div class=\"wpforms-field-row wpforms-field-medium\"><div class=\"wpforms-field-row-block wpforms-first wpforms-one-half\"><input type=\"text\" id=\"wpforms-62-field_1\" class=\"wpforms-field-name-first wpforms-field-required\" name=\"wpforms[fields][1][first]\" required><label for=\"wpforms-62-field_1\" class=\"wpforms-field-sublabel after\">Pr\u00e9nom<\/label><\/div><div class=\"wpforms-field-row-block wpforms-one-half\"><input type=\"text\" id=\"wpforms-62-field_1-last\" class=\"wpforms-field-name-last wpforms-field-required\" name=\"wpforms[fields][1][last]\" required><label for=\"wpforms-62-field_1-last\" class=\"wpforms-field-sublabel after\">Nom<\/label><\/div><\/div><\/div><div id=\"wpforms-62-field_2-container\" class=\"wpforms-field wpforms-field-email\" data-field-id=\"2\"><label class=\"wpforms-field-label\" for=\"wpforms-62-field_2\">E-mail <span class=\"wpforms-required-label\">*<\/span><\/label><input type=\"email\" id=\"wpforms-62-field_2\" class=\"wpforms-field-medium wpforms-field-required\" name=\"wpforms[fields][2]\" spellcheck=\"false\" required><\/div><div id=\"wpforms-62-field_10-container\" class=\"wpforms-field wpforms-field-text\" data-field-id=\"10\"><label class=\"wpforms-field-label\" for=\"wpforms-62-field_10\">Votre num\u00e9ro de t\u00e9l\u00e9phone<\/label><input type=\"text\" id=\"wpforms-62-field_10\" class=\"wpforms-field-medium\" name=\"wpforms[fields][10]\" ><\/div><div id=\"wpforms-62-field_5-container\" class=\"wpforms-field wpforms-field-text\" data-field-id=\"5\"><label class=\"wpforms-field-label\" for=\"wpforms-62-field_5\">Adresse du site \u00e0 traiter<\/label><input type=\"text\" id=\"wpforms-62-field_5\" class=\"wpforms-field-medium\" name=\"wpforms[fields][5]\" ><\/div><div id=\"wpforms-62-field_6-container\" class=\"wpforms-field wpforms-field-textarea\" data-field-id=\"6\"><label class=\"wpforms-field-label\" for=\"wpforms-62-field_6\">Description de votre situation<\/label><textarea id=\"wpforms-62-field_6\" class=\"wpforms-field-medium\" name=\"wpforms[fields][6]\" ><\/textarea><\/div><\/div><!-- .wpforms-field-container --><div class=\"wpforms-recaptcha-container wpforms-is-hcaptcha\" ><div class=\"h-captcha\" data-sitekey=\"ca117f70-41e9-4e20-a646-1b504f41dfdc\"><\/div><input type=\"text\" name=\"g-recaptcha-hidden\" class=\"wpforms-recaptcha-hidden\" style=\"position:absolute!important;clip:rect(0,0,0,0)!important;height:1px!important;width:1px!important;border:0!important;overflow:hidden!important;padding:0!important;margin:0!important;\" data-rule-hcaptcha=\"1\"><\/div><div class=\"wpforms-submit-container\" ><input type=\"hidden\" name=\"wpforms[id]\" value=\"62\"><input type=\"hidden\" name=\"page_title\" value=\"\"><input type=\"hidden\" name=\"page_url\" value=\"https:\/\/extermites.fr\/index.php\/wp-json\/wp\/v2\/pages\/16\"><input type=\"hidden\" name=\"url_referer\" value=\"\"><button type=\"submit\" name=\"wpforms[submit]\" id=\"wpforms-submit-62\" class=\"wpforms-submit\" data-alt-text=\"Envoi...\" data-submit-text=\"Envoyer\" aria-live=\"assertive\" value=\"wpforms-submit\">Envoyer<\/button><\/div><\/form><\/div>  <!-- .wpforms-container -->\r\n<p><img fetchpriority=\"high\" decoding=\"async\" class=\"aligncenter wp-image-727 size-full\" src=\"https:\/\/extermites.fr\/wp-content\/uploads\/2023\/03\/Vue6-e1680194407502.jpg\" alt=\"\" width=\"607\" height=\"311\" srcset=\"https:\/\/extermites.fr\/wp-content\/uploads\/2023\/03\/Vue6-e1680194407502.jpg 607w, https:\/\/extermites.fr\/wp-content\/uploads\/2023\/03\/Vue6-e1680194407502-300x154.jpg 300w\" sizes=\"(max-width: 607px) 100vw, 607px\" \/><\/p>\r\n<blockquote>\r\n<h5 style=\"text-align: center;\" data-dtype=\"d3ifr\" data-local-attribute=\"d3bn\" data-attrid=\"title\" data-ved=\"2ahUKEwi_luPQmtHvAhXsyIUKHfdqD5EQ3B0oADAMegQIEBAB\">Pour nous contacter, c&rsquo;est simple !<\/h5>\r\n<p style=\"text-align: center;\"><strong>Adresse:<\/strong> 13 place du Marcadieu \u00e0 Lembeye\u00a0<br \/><strong>Courriel:<\/strong> contact@extermites.fr<br \/><strong>Contact t\u00e9l\u00e9phonique<\/strong> <strong>au:<\/strong> 06.07.98.40.32<br \/><br \/><br \/><\/p>\r\n<\/blockquote>\r\n<h6>\u00a0<\/h6>\r\n","protected":false},"excerpt":{"rendered":"<p>Pour nous contacter, c&rsquo;est simple ! Adresse: 13 place du Marcadieu \u00e0 Lembeye\u00a0Courriel: contact@extermites.frContact t\u00e9l\u00e9phonique au: 06.07.98.40.32 \u00a0<\/p>\n","protected":false},"author":1,"featured_media":0,"parent":0,"menu_order":0,"comment_status":"closed","ping_status":"closed","template":"","meta":{"_monsterinsights_skip_tracking":false,"_monsterinsights_sitenote_active":false,"_monsterinsights_sitenote_note":"","_monsterinsights_sitenote_category":0,"footnotes":""},"class_list":["post-16","page","type-page","status-publish","hentry"],"_links":{"self":[{"href":"https:\/\/extermites.fr\/index.php\/wp-json\/wp\/v2\/pages\/16","targetHints":{"allow":["GET"]}}],"collection":[{"href":"https:\/\/extermites.fr\/index.php\/wp-json\/wp\/v2\/pages"}],"about":[{"href":"https:\/\/extermites.fr\/index.php\/wp-json\/wp\/v2\/types\/page"}],"author":[{"embeddable":true,"href":"https:\/\/extermites.fr\/index.php\/wp-json\/wp\/v2\/users\/1"}],"replies":[{"embeddable":true,"href":"https:\/\/extermites.fr\/index.php\/wp-json\/wp\/v2\/comments?post=16"}],"version-history":[{"count":41,"href":"https:\/\/extermites.fr\/index.php\/wp-json\/wp\/v2\/pages\/16\/revisions"}],"predecessor-version":[{"id":807,"href":"https:\/\/extermites.fr\/index.php\/wp-json\/wp\/v2\/pages\/16\/revisions\/807"}],"wp:attachment":[{"href":"https:\/\/extermites.fr\/index.php\/wp-json\/wp\/v2\/media?parent=16"}],"curies":[{"name":"wp","href":"https:\/\/api.w.org\/{rel}","templated":true}]}}