{"id":43,"date":"2021-02-21T16:01:15","date_gmt":"2021-02-21T15:01:15","guid":{"rendered":"http:\/\/extermites.fr\/index.php\/home\/"},"modified":"2026-03-21T21:22:30","modified_gmt":"2026-03-21T20:22:30","slug":"home","status":"publish","type":"page","link":"https:\/\/extermites.fr\/","title":{"rendered":"Accueil"},"content":{"rendered":"<h4><div class=\"ditty ditty--pre\" data-id=\"828\" data-uniqid=\"ditty-69d0321505bd1\"><\/div><\/h4>\r\n<p><br \/><a href=\"https:\/\/extermites.fr\/index.php\/2026\/02\/10\/dispositif-de-detection-extermitestdc026\/\"><span style=\"color: #ffa100;\">Descriptif du dispositif Extermites TDC026.<\/span><\/a><\/p>\r\n<h4 class=\"wp-block-image size-large is-style-default\"><br \/>Vous avez des probl\u00e8mes de termites ? Prot\u00e9gez alors votre propri\u00e9t\u00e9 avec la technologie innovante de lutte anti-termites fournie par <span style=\"color: #ffa100;\">Extermites<\/span>.<br \/><br \/>Nous proposons \u00e9galement en tant qu&rsquo;op\u00e9rateur agr\u00e9\u00e9 :<\/h4>\r\n<!-- \/wp:post-content -->\r\n\r\n<!-- wp:paragraph \/-->\r\n\r\n<!-- wp:paragraph -->\r\n<blockquote>\r\n<p>Une prestation capable de r\u00e9soudre efficacement et durablement votre probl\u00e8me de termites : interception et \u00e9limination des termites par pi\u00e8ges et app\u00e2t gr\u00e2ce au Syst\u00e8me <span class=\"aCOpRe\"><strong>Termigard\u00ae pour professionnel (certification CTB-P+):<\/strong><strong><br \/><\/strong><\/span><a href=\"https:\/\/extermites.fr\/index.php\/2021\/03\/19\/le-traitement-par-pieges-anti-termites-termigard\/\">Descriptif du dispositif Termigard\u00ae contre les termites<\/a><\/p>\r\n<p>Une solution anti-termites avant construction, le <strong>Kordon\u00ae<\/strong> : une barri\u00e8re physico-chimique destin\u00e9e \u00e0 emp\u00eacher les termites de p\u00e9n\u00e9trer dans le b\u00e2timent <strong>(protection certifi\u00e9e CTB-P+)<\/strong>:<br \/><a href=\"https:\/\/extermites.fr\/index.php\/2021\/03\/18\/barriere-anti-termites-avant-construction-kordon\/\">Descriptif du dispositif Kordon\u00ae contre les termites<\/a><\/p>\r\n<p>De lutter contre les insectes xylophages gr\u00e2ce \u00e0 un <strong>traitement chimique<\/strong> par pulv\u00e9risation ou par injection d&rsquo;un <strong>biocide certifi\u00e9 CTB-P+<\/strong> sur le b\u00e2ti existant:<br \/><a href=\"https:\/\/extermites.fr\/index.php\/2021\/03\/10\/traitement-chimique-du-bati-existant\/\">Description du traitement chimique <\/a><br \/><br \/><img decoding=\"async\" class=\"aligncenter wp-image-754\" src=\"https:\/\/extermites.fr\/wp-content\/uploads\/2023\/12\/CTBPvert-300x131.png\" alt=\"\" width=\"225\" height=\"98\" srcset=\"https:\/\/extermites.fr\/wp-content\/uploads\/2023\/12\/CTBPvert-300x131.png 300w, https:\/\/extermites.fr\/wp-content\/uploads\/2023\/12\/CTBPvert.png 305w\" sizes=\"(max-width: 225px) 100vw, 225px\" \/><\/p>\r\n<h6 style=\"text-align: center;\" data-wp-editing=\"1\"><span style=\"color: #99cc00;\">Utilisation de produits de traitements certifi\u00e9s CTB-P+<\/span><\/h6>\r\n<\/blockquote>\r\n<h5 style=\"text-align: center;\">\u00a0<\/h5>\r\n<hr \/>\r\n<h4>Anticipez et optez pour le traitement pr\u00e9ventif :<\/h4>\r\n<blockquote>\r\n<p>En raison du <strong>risque \u00e9lev\u00e9<\/strong> d&rsquo;infestation de <strong>termites<\/strong> dans la plupart des maisons de la <strong>r\u00e9gion<\/strong> et de la difficult\u00e9 pour les emp\u00eacher de rentrer, il est essentiel de mettre en place un traitement pr\u00e9ventif si vous souhaitez prot\u00e9ger votre maison de ces parasites.<br \/>Les termites d\u00e9vorent le bois de l&rsquo;int\u00e9rieur vers l\u2019ext\u00e9rieur d\u00e9fiant souvent la d\u00e9tection pendant des ann\u00e9es tout en causant d&rsquo;importants dommages dans le bois et mettant en p\u00e9ril votre habitation.<br \/><br \/><img decoding=\"async\" class=\"size-medium wp-image-356 aligncenter\" src=\"https:\/\/extermites.fr\/wp-content\/uploads\/2021\/05\/certibiocide-2-e1664482990121-300x59.png\" alt=\"\" width=\"300\" height=\"59\" srcset=\"https:\/\/extermites.fr\/wp-content\/uploads\/2021\/05\/certibiocide-2-e1664482990121-300x59.png 300w, https:\/\/extermites.fr\/wp-content\/uploads\/2021\/05\/certibiocide-2-e1664482990121.png 650w\" sizes=\"(max-width: 300px) 100vw, 300px\" \/><\/p>\r\n<h6 style=\"text-align: center;\"><span style=\"color: #99cc00;\">Entreprise certifi\u00e9e pour l\u2019utilisation professionnelle de produits biocides.<\/span><\/h6>\r\n<\/blockquote>\r\n<p>&nbsp;<\/p>\r\n<hr \/>\r\n<h5 style=\"text-align: center;\">Si vous remarquez des signes d&rsquo;infestation de termites ou si vos voisins ont des termites <a href=\"https:\/\/extermites.fr\/index.php\/contact\/\"><span style=\"color: #ff9900;\">contactez-nous rapidement.<\/span><\/a><\/h5>\r\n<p><!-- \/wp:paragraph -->\r\n\r\n<!-- wp:list --><\/p>\r\n<p><!-- \/wp:list --><\/p>\r\n<h6 style=\"text-align: right;\"><code id=\"soliloquy-template-tag\" class=\"soliloquy-code\"><code class=\"rl-shortcode\" data-number=\"0\"><div class=\"rl-gallery-container rl-loading\" id=\"rl-gallery-container-1\" data-gallery_id=\"579\"> <div class=\"rl-gallery rl-basicmasonry-gallery rl-hover-effect-2\" id=\"rl-gallery-1\" data-gallery_no=\"1\"> <div class=\"rl-gutter-sizer\"><\/div><div class=\"rl-grid-sizer\"><\/div> <div class=\"rl-gallery-item rl-gallery-item-width-4\" > <div class=\"rl-gallery-item-content\"> <a href=\"https:\/\/extermites.fr\/wp-content\/uploads\/2022\/09\/log2.png\" title=\"\" data-rl_title=\"\" class=\"rl-gallery-link\" data-rl_caption=\"\" data-rel=\"lightbox-gallery-1\"><img fetchpriority=\"high\" decoding=\"async\" src=\"https:\/\/extermites.fr\/wp-content\/uploads\/2022\/09\/log2-300x300.png\" width=\"300\" height=\"300\" alt=\"\" \/><span class=\"rl-gallery-caption\"><span class=\"rl-gallery-item-title\">Intervention rapide sur simple appel. Analyse du site, diagnostic et devis gratuit.<\/span><\/span><\/a> <\/div> <\/div> <div class=\"rl-gallery-item\" > <div class=\"rl-gallery-item-content\"> <a href=\"https:\/\/extermites.fr\/wp-content\/uploads\/2022\/09\/log1.png\" title=\"\" data-rl_title=\"\" class=\"rl-gallery-link\" data-rl_caption=\"\" data-rel=\"lightbox-gallery-1\"><img loading=\"lazy\" decoding=\"async\" src=\"https:\/\/extermites.fr\/wp-content\/uploads\/2022\/09\/log1-300x300.png\" width=\"300\" height=\"300\" alt=\"\" \/><span class=\"rl-gallery-caption\"><span class=\"rl-gallery-item-title\">Syst\u00e8me anti-termites Termigard\u00ae: d\u00e9j\u00e0 plus de 10 ans d&rsquo;efficacit\u00e9 et de succ\u00e8s.<\/span><\/span><\/a> <\/div> <\/div> <div class=\"rl-gallery-item\" > <div class=\"rl-gallery-item-content\"> <a href=\"https:\/\/extermites.fr\/wp-content\/uploads\/2022\/09\/log3.png\" title=\"\" data-rl_title=\"\" class=\"rl-gallery-link\" data-rl_caption=\"\" data-rel=\"lightbox-gallery-1\"><img loading=\"lazy\" decoding=\"async\" src=\"https:\/\/extermites.fr\/wp-content\/uploads\/2022\/09\/log3-300x300.png\" width=\"300\" height=\"300\" alt=\"\" \/><span class=\"rl-gallery-caption\"><span class=\"rl-gallery-item-title\">Protection de votre propri\u00e9t\u00e9. Traitement pr\u00e9ventif, surveillance annuelle.<\/span><\/span><\/a> <\/div> <\/div> <div class=\"rl-gallery-item\" > <div class=\"rl-gallery-item-content\"> <a href=\"https:\/\/extermites.fr\/wp-content\/uploads\/2022\/09\/log4-3.png\" title=\"\" data-rl_title=\"\" class=\"rl-gallery-link\" data-rl_caption=\"\" data-rel=\"lightbox-gallery-1\"><img loading=\"lazy\" decoding=\"async\" src=\"https:\/\/extermites.fr\/wp-content\/uploads\/2022\/09\/log4-3-300x300.png\" width=\"300\" height=\"300\" alt=\"\" \/><span class=\"rl-gallery-caption\"><span class=\"rl-gallery-item-title\">Syst\u00e8me anti-termites s\u00e9lectif respectant l&rsquo;environnement et inoffensif pour la faune.<\/span><\/span><\/a> <\/div> <\/div> <\/div> <\/div><\/code><\/code><\/h6>\r\n<h5 style=\"text-align: center;\">Demandez un <a href=\"https:\/\/extermites.fr\/index.php\/contact\/\">devis gratuit<\/a> et comparez les prestations propos\u00e9es !<\/h5>\r\n<hr \/>\r\n<h5 style=\"text-align: center;\"><img loading=\"lazy\" decoding=\"async\" class=\"aligncenter wp-image-858 size-full\" src=\"https:\/\/extermites.fr\/wp-content\/uploads\/2026\/02\/Carte-zones-clients-1.jpg\" alt=\"\" width=\"1074\" height=\"704\" srcset=\"https:\/\/extermites.fr\/wp-content\/uploads\/2026\/02\/Carte-zones-clients-1.jpg 1074w, https:\/\/extermites.fr\/wp-content\/uploads\/2026\/02\/Carte-zones-clients-1-300x197.jpg 300w, https:\/\/extermites.fr\/wp-content\/uploads\/2026\/02\/Carte-zones-clients-1-1024x671.jpg 1024w, https:\/\/extermites.fr\/wp-content\/uploads\/2026\/02\/Carte-zones-clients-1-768x503.jpg 768w\" sizes=\"(max-width: 1074px) 100vw, 1074px\" \/><br \/><span style=\"color: #ffa100;\">Nos secteurs d\u2019intervention<\/span> sont le B\u00e9arn, le Pays Basque, les Landes, les Hautes-Pyr\u00e9n\u00e9es et le Gers. <br \/>Ces d\u00e9partements sont fortement infest\u00e9s par les termites qui menacent notre patrimoine actuel.<\/h5>","protected":false},"excerpt":{"rendered":"<p>Descriptif du dispositif Extermites TDC026. Vous avez des probl\u00e8mes de termites ? Prot\u00e9gez alors votre propri\u00e9t\u00e9 avec la technologie innovante de lutte anti-termites fournie par Extermites. Nous proposons \u00e9galement en tant qu&rsquo;op\u00e9rateur agr\u00e9\u00e9 : Une prestation capable de r\u00e9soudre efficacement et durablement votre probl\u00e8me de termites : interception et \u00e9limination des termites par pi\u00e8ges et [&hellip;]<\/p>\n","protected":false},"author":1,"featured_media":0,"parent":0,"menu_order":0,"comment_status":"closed","ping_status":"closed","template":"","meta":{"_monsterinsights_skip_tracking":false,"_monsterinsights_sitenote_active":false,"_monsterinsights_sitenote_note":"","_monsterinsights_sitenote_category":0,"footnotes":""},"class_list":["post-43","page","type-page","status-publish","hentry"],"_links":{"self":[{"href":"https:\/\/extermites.fr\/index.php\/wp-json\/wp\/v2\/pages\/43","targetHints":{"allow":["GET"]}}],"collection":[{"href":"https:\/\/extermites.fr\/index.php\/wp-json\/wp\/v2\/pages"}],"about":[{"href":"https:\/\/extermites.fr\/index.php\/wp-json\/wp\/v2\/types\/page"}],"author":[{"embeddable":true,"href":"https:\/\/extermites.fr\/index.php\/wp-json\/wp\/v2\/users\/1"}],"replies":[{"embeddable":true,"href":"https:\/\/extermites.fr\/index.php\/wp-json\/wp\/v2\/comments?post=43"}],"version-history":[{"count":137,"href":"https:\/\/extermites.fr\/index.php\/wp-json\/wp\/v2\/pages\/43\/revisions"}],"predecessor-version":[{"id":959,"href":"https:\/\/extermites.fr\/index.php\/wp-json\/wp\/v2\/pages\/43\/revisions\/959"}],"wp:attachment":[{"href":"https:\/\/extermites.fr\/index.php\/wp-json\/wp\/v2\/media?parent=43"}],"curies":[{"name":"wp","href":"https:\/\/api.w.org\/{rel}","templated":true}]}}